{"id":13697,"date":"2023-01-16T10:47:51","date_gmt":"2023-01-16T10:47:51","guid":{"rendered":"https:\/\/slowdentistryglobalnetwork.org\/advocacy-programme\/"},"modified":"2024-01-26T18:11:06","modified_gmt":"2024-01-26T18:11:06","slug":"programa-de-referencia","status":"publish","type":"page","link":"https:\/\/slowdentistryglobalnetwork.org\/pt\/subscricao\/programa-de-referencia\/","title":{"rendered":"Programa de Refer\u00eancia Slow Dentistry"},"content":{"rendered":"\t\t<div data-elementor-type=\"wp-page\" data-elementor-id=\"13697\" class=\"elementor elementor-13697 elementor-13671\" data-elementor-post-type=\"page\">\n\t\t\t\t<div class=\"elementor-element elementor-element-630a28c6 e-con-full e-flex e-con e-parent\" data-id=\"630a28c6\" data-element_type=\"container\" data-e-type=\"container\" data-settings=\"{&quot;background_background&quot;:&quot;video&quot;,&quot;background_video_link&quot;:&quot;https:\\\/\\\/www.youtube.com\\\/watch?v=dYWXbqlOkoA&quot;}\">\n\t\t<div class=\"elementor-background-video-container elementor-hidden-mobile\">\n\t\t\t\t\t\t\t<div class=\"elementor-background-video-embed\" role=\"presentation\"><\/div>\n\t\t\t\t\t\t<\/div><div class=\"elementor-element elementor-element-55268ab3 e-con-full e-flex e-con e-child\" data-id=\"55268ab3\" data-element_type=\"container\" data-e-type=\"container\">\n\t\t\t\t<div class=\"elementor-element elementor-element-7aafd793 elementor-widget__width-inherit elementor-widget elementor-widget-heading\" data-id=\"7aafd793\" data-element_type=\"widget\" data-e-type=\"widget\" data-widget_type=\"heading.default\">\n\t\t\t\t<div class=\"elementor-widget-container\">\n\t\t\t\t\t<h1 class=\"elementor-heading-title elementor-size-default\">Programa de Refer\u00eancia<br>para os nossos apoiantes mais leais<\/h1>\t\t\t\t<\/div>\n\t\t\t\t<\/div>\n\t\t\t\t<\/div>\n\t\t\t\t<\/div>\n\t\t<div class=\"elementor-element elementor-element-1f77e669 e-flex e-con-boxed e-con e-parent\" data-id=\"1f77e669\" data-element_type=\"container\" data-e-type=\"container\" data-settings=\"{&quot;background_background&quot;:&quot;classic&quot;}\">\n\t\t\t\t\t<div class=\"e-con-inner\">\n\t\t<div class=\"elementor-element elementor-element-77a848c2 e-con-full e-flex e-con e-child\" data-id=\"77a848c2\" data-element_type=\"container\" data-e-type=\"container\">\n\t\t\t\t<div class=\"elementor-element elementor-element-5bf472fa elementor-widget elementor-widget-text-editor\" data-id=\"5bf472fa\" data-element_type=\"widget\" data-e-type=\"widget\" data-widget_type=\"text-editor.default\">\n\t\t\t\t<div class=\"elementor-widget-container\">\n\t\t\t\t\t\t\t\t\t<p>\u00c0 medida que continuamos a promover cuidados de sa\u00fade oral de excel\u00eancia nos quatro cantos do planeta, os membros que comp\u00f5em a nossa din\u00e2mica rede global continuam a percorrer esse caminho ao nosso lado, passo a passo.<\/p><p>\u00a0<\/p><p>Sentimo-nos apoiados.<\/p><p>Tamb\u00e9m queremos que sintam o mesmo.<\/p>\t\t\t\t\t\t\t\t<\/div>\n\t\t\t\t<\/div>\n\t\t\t\t<\/div>\n\t\t\t\t\t<\/div>\n\t\t\t\t<\/div>\n\t\t<div class=\"elementor-element elementor-element-50d92556 e-flex e-con-boxed e-con e-parent\" data-id=\"50d92556\" data-element_type=\"container\" data-e-type=\"container\" data-settings=\"{&quot;background_background&quot;:&quot;classic&quot;}\">\n\t\t\t\t\t<div class=\"e-con-inner\">\n\t\t<div class=\"elementor-element elementor-element-6e9cd3f3 e-con-full e-flex e-con e-child\" data-id=\"6e9cd3f3\" data-element_type=\"container\" data-e-type=\"container\">\n\t\t\t\t<div class=\"elementor-element elementor-element-6c084998 elementor-widget elementor-widget-heading\" data-id=\"6c084998\" data-element_type=\"widget\" data-e-type=\"widget\" data-widget_type=\"heading.default\">\n\t\t\t\t<div class=\"elementor-widget-container\">\n\t\t\t\t\t<h2 class=\"elementor-heading-title elementor-size-default\">Promover Slow Dentistry, \n <br>com vantagens<\/h2>\t\t\t\t<\/div>\n\t\t\t\t<\/div>\n\t\t\t\t<div class=\"elementor-element elementor-element-1d69fb09 elementor-widget elementor-widget-text-editor\" data-id=\"1d69fb09\" data-element_type=\"widget\" data-e-type=\"widget\" data-widget_type=\"text-editor.default\">\n\t\t\t\t<div class=\"elementor-widget-container\">\n\t\t\t\t\t\t\t\t\t<p>Com o objetivo de continuar a crescer a nossa rede na companhia de outros profissionais prestigiantes e que partilham a nossa vis\u00e3o, criamos um programa que permite aos nossos membros referenciar amigos e colegas para a miss\u00e3o Slow Dentistry. Com vantagens claras para todos.<\/p>\t\t\t\t\t\t\t\t<\/div>\n\t\t\t\t<\/div>\n\t\t\t\t<\/div>\n\t\t\t\t\t<\/div>\n\t\t\t\t<\/div>\n\t\t<div class=\"elementor-element elementor-element-75ba4d6e e-flex e-con-boxed e-con e-parent\" data-id=\"75ba4d6e\" data-element_type=\"container\" data-e-type=\"container\" data-settings=\"{&quot;background_background&quot;:&quot;classic&quot;}\">\n\t\t\t\t\t<div class=\"e-con-inner\">\n\t\t<div class=\"elementor-element elementor-element-7c5970e4 e-con-full e-flex e-con e-child\" data-id=\"7c5970e4\" data-element_type=\"container\" data-e-type=\"container\">\n\t\t<div class=\"elementor-element elementor-element-6633c83 e-flex e-con-boxed e-con e-child\" data-id=\"6633c83\" data-element_type=\"container\" data-e-type=\"container\">\n\t\t\t\t\t<div class=\"e-con-inner\">\n\t\t<div class=\"elementor-element elementor-element-46d173ed e-con-full e-flex e-con e-child\" data-id=\"46d173ed\" data-element_type=\"container\" data-e-type=\"container\">\n\t\t\t\t<div class=\"elementor-element elementor-element-d94a4b3 elementor-widget elementor-widget-heading\" data-id=\"d94a4b3\" data-element_type=\"widget\" data-e-type=\"widget\" data-widget_type=\"heading.default\">\n\t\t\t\t<div class=\"elementor-widget-container\">\n\t\t\t\t\t<h2 class=\"elementor-heading-title elementor-size-default\"> Apoie a Slow Dentistry\n <br>A Slow Dentistry retribui\n \n<\/h2>\t\t\t\t<\/div>\n\t\t\t\t<\/div>\n\t\t\t\t<div class=\"elementor-element elementor-element-7fe7840e elementor-widget elementor-widget-text-editor\" data-id=\"7fe7840e\" data-element_type=\"widget\" data-e-type=\"widget\" data-widget_type=\"text-editor.default\">\n\t\t\t\t<div class=\"elementor-widget-container\">\n\t\t\t\t\t\t\t\t\t<p><span style=\"font-weight: 400;\">Dar e receber faz parte de um apoio poderoso e convidamos todos os nossos membros conceituados e de confian\u00e7a a participar no nosso Programa de Refer\u00eancia.\u00a0<\/span><\/p><p><span style=\"font-weight: 400;\">Para al\u00e9m de apoiar o nosso trabalho e encorajar novos membros a juntarem-se \u00e0 Rede Global Slow Dentistry, o valor destes benef\u00edcios \u00e9 f\u00e1cil de medir:<\/span><\/p>\t\t\t\t\t\t\t\t<\/div>\n\t\t\t\t<\/div>\n\t\t\t\t<div class=\"elementor-element elementor-element-b597b14 elementor-widget elementor-widget-text-editor\" data-id=\"b597b14\" data-element_type=\"widget\" data-e-type=\"widget\" data-widget_type=\"text-editor.default\">\n\t\t\t\t<div class=\"elementor-widget-container\">\n\t\t\t\t\t\t\t\t\t<div style=\"text-align: center;\"><table style=\"height: 299px;\" width=\"94\"><tbody><tr><td class=\"color5\"><b>N\u00famero de Refer\u00eancias<\/b><\/td><td class=\"color5\"><b>Desconto no valor da pr\u00f3xima renova\u00e7\u00e3o<\/b><\/td><\/tr><tr><td class=\"color2\"><span style=\"font-weight: 600;\">Indicar 1 membro<\/span><\/td><td class=\"color3\"><span style=\"font-weight: 600;\">&#8211; 25%<\/span><\/td><\/tr><tr><td class=\"color2\"><span style=\"font-weight: 600;\">Indicar 2 membros<\/span><\/td><td class=\"color3\"><span style=\"font-weight: 600;\">&#8211; 30%<\/span><\/td><\/tr><tr><td class=\"color2\"><span style=\"font-weight: 600;\">Indicar 3 membros<\/span><\/td><td class=\"color3\"><span style=\"font-weight: 600;\">&#8211; 50%<\/span><\/td><\/tr><tr><td class=\"color2\"><span style=\"font-weight: 600;\">Indicar 5 membros<\/span><\/td><td class=\"color3\"><span style=\"font-weight: 600;\">&#8211; 80%<\/span><\/td><\/tr><tr><td class=\"color2\"><span style=\"font-weight: 600;\">Indicar 7 membros<\/span><\/td><td class=\"color3\"><span style=\"font-weight: 600;\">&#8211; 100%<\/span><\/td><\/tr><\/tbody><\/table><\/div>\t\t\t\t\t\t\t\t<\/div>\n\t\t\t\t<\/div>\n\t\t\t\t<div class=\"elementor-element elementor-element-9f28053 elementor-widget elementor-widget-text-editor\" data-id=\"9f28053\" data-element_type=\"widget\" data-e-type=\"widget\" data-widget_type=\"text-editor.default\">\n\t\t\t\t<div class=\"elementor-widget-container\">\n\t\t\t\t\t\t\t\t\t<p><span style=\"font-weight: 400;\">Quantos mais colegas um membro indicar e que efetivamente aderirem \u00e0 nossa rede, <strong>maior ser\u00e1 o desconto no valor da sua renova\u00e7\u00e3o enquanto membro.<\/strong><\/span><\/p>\t\t\t\t\t\t\t\t<\/div>\n\t\t\t\t<\/div>\n\t\t\t\t<\/div>\n\t\t\t\t\t<\/div>\n\t\t\t\t<\/div>\n\t\t<div class=\"elementor-element elementor-element-20c444c5 e-con-full e-flex e-con e-child\" data-id=\"20c444c5\" data-element_type=\"container\" data-e-type=\"container\" data-settings=\"{&quot;background_background&quot;:&quot;classic&quot;}\">\n\t\t<div class=\"elementor-element elementor-element-3c28cbc9 e-flex e-con-boxed e-con e-child\" data-id=\"3c28cbc9\" data-element_type=\"container\" data-e-type=\"container\" data-settings=\"{&quot;background_background&quot;:&quot;classic&quot;}\">\n\t\t\t\t\t<div class=\"e-con-inner\">\n\t\t\t\t<div class=\"elementor-element elementor-element-16e91f9b elementor-widget elementor-widget-text-editor\" data-id=\"16e91f9b\" data-element_type=\"widget\" data-e-type=\"widget\" data-widget_type=\"text-editor.default\">\n\t\t\t\t<div class=\"elementor-widget-container\">\n\t\t\t\t\t\t\t\t\t<p><span style=\"font-weight: 400;\"><strong>Todos os membros referenciados recebem um desconto de 10%<\/strong> na sua pr\u00f3pria inscri\u00e7\u00e3o na Slow Dentistry quando subscreverem no prazo de 30 dias ap\u00f3s a sua refer\u00eancia.<\/span><\/p>\t\t\t\t\t\t\t\t<\/div>\n\t\t\t\t<\/div>\n\t\t\t\t\t<\/div>\n\t\t\t\t<\/div>\n\t\t\t\t<\/div>\n\t\t\t\t<\/div>\n\t\t\t\t\t<\/div>\n\t\t\t\t<\/div>\n\t\t<div class=\"elementor-element elementor-element-3662e84 e-flex e-con-boxed e-con e-parent\" data-id=\"3662e84\" data-element_type=\"container\" data-e-type=\"container\" data-settings=\"{&quot;background_background&quot;:&quot;classic&quot;}\">\n\t\t\t\t\t<div class=\"e-con-inner\">\n\t\t<div class=\"elementor-element elementor-element-4cded648 e-con-full e-flex e-con e-child\" data-id=\"4cded648\" data-element_type=\"container\" data-e-type=\"container\">\n\t\t\t\t<div class=\"elementor-element elementor-element-6224f959 elementor-widget elementor-widget-heading\" data-id=\"6224f959\" data-element_type=\"widget\" data-e-type=\"widget\" data-widget_type=\"heading.default\">\n\t\t\t\t<div class=\"elementor-widget-container\">\n\t\t\t\t\t<p class=\"elementor-heading-title elementor-size-default\">A \u00fanica forma de continuar a ter um impacto positivo nos cuidados de sa\u00fade oral com medicina dent\u00e1ria premium \u00e9 em conjunto. Cada um de n\u00f3s pode fazer a diferen\u00e7a, de mais maneiras do que pensamos.\n<br><br>\nA Slow Dentistry agradece.\nA Slow Dentistry recompensa.\n<\/p>\t\t\t\t<\/div>\n\t\t\t\t<\/div>\n\t\t\t\t<\/div>\n\t\t\t\t\t<\/div>\n\t\t\t\t<\/div>\n\t\t\t\t<\/div>\n\t\t","protected":false},"excerpt":{"rendered":"<p>Programa de Refer\u00eanciapara os nossos apoiantes mais leais \u00c0 medida que continuamos a promover cuidados de sa\u00fade oral de excel\u00eancia nos quatro cantos do planeta, os membros que comp\u00f5em a nossa din\u00e2mica rede global continuam a percorrer esse caminho ao nosso lado, passo a passo. \u00a0 Sentimo-nos apoiados. Tamb\u00e9m queremos que sintam o mesmo. Promover [&hellip;]<\/p>\n","protected":false},"author":375,"featured_media":13688,"parent":13336,"menu_order":0,"comment_status":"closed","ping_status":"closed","template":"","meta":{"_acf_changed":false,"_monsterinsights_skip_tracking":false,"_monsterinsights_sitenote_active":false,"_monsterinsights_sitenote_note":"","_monsterinsights_sitenote_category":0,"footnotes":""},"categories":[161],"tags":[],"class_list":["post-13697","page","type-page","status-publish","has-post-thumbnail","hentry","category-pt"],"acf":[],"yoast_head":"<!-- This site is optimized with the Yoast SEO Premium plugin v25.3 (Yoast SEO v27.5) - https:\/\/yoast.com\/product\/yoast-seo-premium-wordpress\/ -->\n<title>Programa de Refer\u00eancia Slow Dentistry &#8226; Slow Dentistry Global Network\u00ae<\/title>\n<meta name=\"description\" content=\"O Programa de Refer\u00eancia Slow Dentistry oferece descontos no valor da renova\u00e7\u00e3o cada vez que um membro indicar um colega e este se inscrever.\" \/>\n<meta name=\"robots\" content=\"index, follow, max-snippet:-1, max-image-preview:large, max-video-preview:-1\" \/>\n<link rel=\"canonical\" href=\"https:\/\/slowdentistryglobalnetwork.org\/pt\/subscricao\/programa-de-referencia\/\" \/>\n<meta property=\"og:locale\" content=\"pt_PT\" \/>\n<meta property=\"og:type\" content=\"article\" \/>\n<meta property=\"og:title\" content=\"Programa de Refer\u00eancia Slow Dentistry\" \/>\n<meta property=\"og:description\" content=\"O Programa de Refer\u00eancia Slow Dentistry oferece descontos no valor da renova\u00e7\u00e3o cada vez que um membro indicar um colega e este se inscrever.\" \/>\n<meta property=\"og:url\" content=\"https:\/\/slowdentistryglobalnetwork.org\/pt\/subscricao\/programa-de-referencia\/\" \/>\n<meta property=\"og:site_name\" content=\"Slow Dentistry Global Network\u00ae\" \/>\n<meta property=\"article:publisher\" content=\"https:\/\/www.facebook.com\/slowdentistryglobalnetwork\/\" \/>\n<meta property=\"article:modified_time\" content=\"2024-01-26T18:11:06+00:00\" \/>\n<meta property=\"og:image\" content=\"https:\/\/slowdentistryglobalnetwork.org\/wp-content\/uploads\/2023\/01\/SD-banner-1.png\" \/>\n\t<meta property=\"og:image:width\" content=\"1900\" \/>\n\t<meta property=\"og:image:height\" content=\"450\" \/>\n\t<meta property=\"og:image:type\" content=\"image\/png\" \/>\n<meta name=\"twitter:card\" content=\"summary_large_image\" \/>\n<meta name=\"twitter:label1\" content=\"Est. reading time\" \/>\n\t<meta name=\"twitter:data1\" content=\"2 minutes\" \/>\n<script type=\"application\/ld+json\" class=\"yoast-schema-graph\">{\"@context\":\"https:\\\/\\\/schema.org\",\"@graph\":[{\"@type\":\"WebPage\",\"@id\":\"https:\\\/\\\/slowdentistryglobalnetwork.org\\\/pt\\\/subscricao\\\/programa-de-referencia\\\/\",\"url\":\"https:\\\/\\\/slowdentistryglobalnetwork.org\\\/pt\\\/subscricao\\\/programa-de-referencia\\\/\",\"name\":\"Programa de Refer\u00eancia Slow Dentistry &#8226; Slow Dentistry Global Network\u00ae\",\"isPartOf\":{\"@id\":\"https:\\\/\\\/slowdentistryglobalnetwork.org\\\/pt\\\/#website\"},\"primaryImageOfPage\":{\"@id\":\"https:\\\/\\\/slowdentistryglobalnetwork.org\\\/pt\\\/subscricao\\\/programa-de-referencia\\\/#primaryimage\"},\"image\":{\"@id\":\"https:\\\/\\\/slowdentistryglobalnetwork.org\\\/pt\\\/subscricao\\\/programa-de-referencia\\\/#primaryimage\"},\"thumbnailUrl\":\"https:\\\/\\\/slowdentistryglobalnetwork.org\\\/wp-content\\\/uploads\\\/2023\\\/01\\\/SD-banner-1.png\",\"datePublished\":\"2023-01-16T10:47:51+00:00\",\"dateModified\":\"2024-01-26T18:11:06+00:00\",\"description\":\"O Programa de Refer\u00eancia Slow Dentistry oferece descontos no valor da renova\u00e7\u00e3o cada vez que um membro indicar um colega e este se inscrever.\",\"breadcrumb\":{\"@id\":\"https:\\\/\\\/slowdentistryglobalnetwork.org\\\/pt\\\/subscricao\\\/programa-de-referencia\\\/#breadcrumb\"},\"inLanguage\":\"pt\",\"potentialAction\":[{\"@type\":\"ReadAction\",\"target\":[\"https:\\\/\\\/slowdentistryglobalnetwork.org\\\/pt\\\/subscricao\\\/programa-de-referencia\\\/\"]}]},{\"@type\":\"ImageObject\",\"inLanguage\":\"pt\",\"@id\":\"https:\\\/\\\/slowdentistryglobalnetwork.org\\\/pt\\\/subscricao\\\/programa-de-referencia\\\/#primaryimage\",\"url\":\"https:\\\/\\\/slowdentistryglobalnetwork.org\\\/wp-content\\\/uploads\\\/2023\\\/01\\\/SD-banner-1.png\",\"contentUrl\":\"https:\\\/\\\/slowdentistryglobalnetwork.org\\\/wp-content\\\/uploads\\\/2023\\\/01\\\/SD-banner-1.png\",\"width\":1900,\"height\":450},{\"@type\":\"BreadcrumbList\",\"@id\":\"https:\\\/\\\/slowdentistryglobalnetwork.org\\\/pt\\\/subscricao\\\/programa-de-referencia\\\/#breadcrumb\",\"itemListElement\":[{\"@type\":\"ListItem\",\"position\":1,\"name\":\"Home\",\"item\":\"https:\\\/\\\/slowdentistryglobalnetwork.org\\\/pt\\\/\"},{\"@type\":\"ListItem\",\"position\":2,\"name\":\"Subscri\u00e7\u00e3o\",\"item\":\"https:\\\/\\\/slowdentistryglobalnetwork.org\\\/pt\\\/subscricao\\\/\"},{\"@type\":\"ListItem\",\"position\":3,\"name\":\"Programa de Refer\u00eancia Slow Dentistry\"}]},{\"@type\":\"WebSite\",\"@id\":\"https:\\\/\\\/slowdentistryglobalnetwork.org\\\/pt\\\/#website\",\"url\":\"https:\\\/\\\/slowdentistryglobalnetwork.org\\\/pt\\\/\",\"name\":\"Slow Dentistry Global Network\u00ae\",\"description\":\"improving the standards of patient care in dental practices worldwide\",\"publisher\":{\"@id\":\"https:\\\/\\\/slowdentistryglobalnetwork.org\\\/pt\\\/#organization\"},\"potentialAction\":[{\"@type\":\"SearchAction\",\"target\":{\"@type\":\"EntryPoint\",\"urlTemplate\":\"https:\\\/\\\/slowdentistryglobalnetwork.org\\\/pt\\\/?s={search_term_string}\"},\"query-input\":{\"@type\":\"PropertyValueSpecification\",\"valueRequired\":true,\"valueName\":\"search_term_string\"}}],\"inLanguage\":\"pt\"},{\"@type\":\"Organization\",\"@id\":\"https:\\\/\\\/slowdentistryglobalnetwork.org\\\/pt\\\/#organization\",\"name\":\"Slow Dentistry Global Network\",\"url\":\"https:\\\/\\\/slowdentistryglobalnetwork.org\\\/pt\\\/\",\"logo\":{\"@type\":\"ImageObject\",\"inLanguage\":\"pt\",\"@id\":\"https:\\\/\\\/slowdentistryglobalnetwork.org\\\/pt\\\/#\\\/schema\\\/logo\\\/image\\\/\",\"url\":\"https:\\\/\\\/slowdentistryglobalnetwork.org\\\/wp-content\\\/uploads\\\/2021\\\/04\\\/SD-LOGO-NETWORK.png\",\"contentUrl\":\"https:\\\/\\\/slowdentistryglobalnetwork.org\\\/wp-content\\\/uploads\\\/2021\\\/04\\\/SD-LOGO-NETWORK.png\",\"width\":900,\"height\":268,\"caption\":\"Slow Dentistry Global Network\"},\"image\":{\"@id\":\"https:\\\/\\\/slowdentistryglobalnetwork.org\\\/pt\\\/#\\\/schema\\\/logo\\\/image\\\/\"},\"sameAs\":[\"https:\\\/\\\/www.facebook.com\\\/slowdentistryglobalnetwork\\\/\",\"https:\\\/\\\/www.instagram.com\\\/slowdentistryglobalnetwork\\\/\",\"https:\\\/\\\/www.linkedin.com\\\/company\\\/slowdentistryglobalnetwork\\\/\"]}]}<\/script>\n<!-- \/ Yoast SEO Premium plugin. -->","yoast_head_json":{"title":"Programa de Refer\u00eancia Slow Dentistry &#8226; Slow Dentistry Global Network\u00ae","description":"O Programa de Refer\u00eancia Slow Dentistry oferece descontos no valor da renova\u00e7\u00e3o cada vez que um membro indicar um colega e este se inscrever.","robots":{"index":"index","follow":"follow","max-snippet":"max-snippet:-1","max-image-preview":"max-image-preview:large","max-video-preview":"max-video-preview:-1"},"canonical":"https:\/\/slowdentistryglobalnetwork.org\/pt\/subscricao\/programa-de-referencia\/","og_locale":"pt_PT","og_type":"article","og_title":"Programa de Refer\u00eancia Slow Dentistry","og_description":"O Programa de Refer\u00eancia Slow Dentistry oferece descontos no valor da renova\u00e7\u00e3o cada vez que um membro indicar um colega e este se inscrever.","og_url":"https:\/\/slowdentistryglobalnetwork.org\/pt\/subscricao\/programa-de-referencia\/","og_site_name":"Slow Dentistry Global Network\u00ae","article_publisher":"https:\/\/www.facebook.com\/slowdentistryglobalnetwork\/","article_modified_time":"2024-01-26T18:11:06+00:00","og_image":[{"width":1900,"height":450,"url":"https:\/\/slowdentistryglobalnetwork.org\/wp-content\/uploads\/2023\/01\/SD-banner-1.png","type":"image\/png"}],"twitter_card":"summary_large_image","twitter_misc":{"Est. reading time":"2 minutes"},"schema":{"@context":"https:\/\/schema.org","@graph":[{"@type":"WebPage","@id":"https:\/\/slowdentistryglobalnetwork.org\/pt\/subscricao\/programa-de-referencia\/","url":"https:\/\/slowdentistryglobalnetwork.org\/pt\/subscricao\/programa-de-referencia\/","name":"Programa de Refer\u00eancia Slow Dentistry &#8226; Slow Dentistry Global Network\u00ae","isPartOf":{"@id":"https:\/\/slowdentistryglobalnetwork.org\/pt\/#website"},"primaryImageOfPage":{"@id":"https:\/\/slowdentistryglobalnetwork.org\/pt\/subscricao\/programa-de-referencia\/#primaryimage"},"image":{"@id":"https:\/\/slowdentistryglobalnetwork.org\/pt\/subscricao\/programa-de-referencia\/#primaryimage"},"thumbnailUrl":"https:\/\/slowdentistryglobalnetwork.org\/wp-content\/uploads\/2023\/01\/SD-banner-1.png","datePublished":"2023-01-16T10:47:51+00:00","dateModified":"2024-01-26T18:11:06+00:00","description":"O Programa de Refer\u00eancia Slow Dentistry oferece descontos no valor da renova\u00e7\u00e3o cada vez que um membro indicar um colega e este se inscrever.","breadcrumb":{"@id":"https:\/\/slowdentistryglobalnetwork.org\/pt\/subscricao\/programa-de-referencia\/#breadcrumb"},"inLanguage":"pt","potentialAction":[{"@type":"ReadAction","target":["https:\/\/slowdentistryglobalnetwork.org\/pt\/subscricao\/programa-de-referencia\/"]}]},{"@type":"ImageObject","inLanguage":"pt","@id":"https:\/\/slowdentistryglobalnetwork.org\/pt\/subscricao\/programa-de-referencia\/#primaryimage","url":"https:\/\/slowdentistryglobalnetwork.org\/wp-content\/uploads\/2023\/01\/SD-banner-1.png","contentUrl":"https:\/\/slowdentistryglobalnetwork.org\/wp-content\/uploads\/2023\/01\/SD-banner-1.png","width":1900,"height":450},{"@type":"BreadcrumbList","@id":"https:\/\/slowdentistryglobalnetwork.org\/pt\/subscricao\/programa-de-referencia\/#breadcrumb","itemListElement":[{"@type":"ListItem","position":1,"name":"Home","item":"https:\/\/slowdentistryglobalnetwork.org\/pt\/"},{"@type":"ListItem","position":2,"name":"Subscri\u00e7\u00e3o","item":"https:\/\/slowdentistryglobalnetwork.org\/pt\/subscricao\/"},{"@type":"ListItem","position":3,"name":"Programa de Refer\u00eancia Slow Dentistry"}]},{"@type":"WebSite","@id":"https:\/\/slowdentistryglobalnetwork.org\/pt\/#website","url":"https:\/\/slowdentistryglobalnetwork.org\/pt\/","name":"Slow Dentistry Global Network\u00ae","description":"improving the standards of patient care in dental practices worldwide","publisher":{"@id":"https:\/\/slowdentistryglobalnetwork.org\/pt\/#organization"},"potentialAction":[{"@type":"SearchAction","target":{"@type":"EntryPoint","urlTemplate":"https:\/\/slowdentistryglobalnetwork.org\/pt\/?s={search_term_string}"},"query-input":{"@type":"PropertyValueSpecification","valueRequired":true,"valueName":"search_term_string"}}],"inLanguage":"pt"},{"@type":"Organization","@id":"https:\/\/slowdentistryglobalnetwork.org\/pt\/#organization","name":"Slow Dentistry Global Network","url":"https:\/\/slowdentistryglobalnetwork.org\/pt\/","logo":{"@type":"ImageObject","inLanguage":"pt","@id":"https:\/\/slowdentistryglobalnetwork.org\/pt\/#\/schema\/logo\/image\/","url":"https:\/\/slowdentistryglobalnetwork.org\/wp-content\/uploads\/2021\/04\/SD-LOGO-NETWORK.png","contentUrl":"https:\/\/slowdentistryglobalnetwork.org\/wp-content\/uploads\/2021\/04\/SD-LOGO-NETWORK.png","width":900,"height":268,"caption":"Slow Dentistry Global Network"},"image":{"@id":"https:\/\/slowdentistryglobalnetwork.org\/pt\/#\/schema\/logo\/image\/"},"sameAs":["https:\/\/www.facebook.com\/slowdentistryglobalnetwork\/","https:\/\/www.instagram.com\/slowdentistryglobalnetwork\/","https:\/\/www.linkedin.com\/company\/slowdentistryglobalnetwork\/"]}]}},"_links":{"self":[{"href":"https:\/\/slowdentistryglobalnetwork.org\/pt\/wp-json\/wp\/v2\/pages\/13697","targetHints":{"allow":["GET"]}}],"collection":[{"href":"https:\/\/slowdentistryglobalnetwork.org\/pt\/wp-json\/wp\/v2\/pages"}],"about":[{"href":"https:\/\/slowdentistryglobalnetwork.org\/pt\/wp-json\/wp\/v2\/types\/page"}],"author":[{"embeddable":true,"href":"https:\/\/slowdentistryglobalnetwork.org\/pt\/wp-json\/wp\/v2\/users\/375"}],"replies":[{"embeddable":true,"href":"https:\/\/slowdentistryglobalnetwork.org\/pt\/wp-json\/wp\/v2\/comments?post=13697"}],"version-history":[{"count":0,"href":"https:\/\/slowdentistryglobalnetwork.org\/pt\/wp-json\/wp\/v2\/pages\/13697\/revisions"}],"up":[{"embeddable":true,"href":"https:\/\/slowdentistryglobalnetwork.org\/pt\/wp-json\/wp\/v2\/pages\/13336"}],"wp:featuredmedia":[{"embeddable":true,"href":"https:\/\/slowdentistryglobalnetwork.org\/pt\/wp-json\/wp\/v2\/media\/13688"}],"wp:attachment":[{"href":"https:\/\/slowdentistryglobalnetwork.org\/pt\/wp-json\/wp\/v2\/media?parent=13697"}],"wp:term":[{"taxonomy":"category","embeddable":true,"href":"https:\/\/slowdentistryglobalnetwork.org\/pt\/wp-json\/wp\/v2\/categories?post=13697"},{"taxonomy":"post_tag","embeddable":true,"href":"https:\/\/slowdentistryglobalnetwork.org\/pt\/wp-json\/wp\/v2\/tags?post=13697"}],"curies":[{"name":"wp","href":"https:\/\/api.w.org\/{rel}","templated":true}]}}